{"id":443,"date":"2023-05-29T18:45:23","date_gmt":"2023-05-29T16:45:23","guid":{"rendered":"http:\/\/cisowewzgorze.local\/reservations\/"},"modified":"2026-01-23T13:36:24","modified_gmt":"2026-01-23T12:36:24","slug":"reservations","status":"publish","type":"page","link":"https:\/\/cisowewzgorze.pl\/en\/reservations\/","title":{"rendered":"Reservations"},"content":{"rendered":"<div class=\"gHero \">\n    <div class=\"gHero__imgWrapper\">\n        <img loading=\"lazy\" decoding=\"async\" width=\"2000\" height=\"500\" src=\"https:\/\/cisowewzgorze.pl\/wp-content\/uploads\/2023\/06\/rezerwacje-hero-1.jpg\" class=\"gHero__img\" alt=\"\" id=\"rezerwacje-hero-1\" srcset=\"https:\/\/cisowewzgorze.pl\/wp-content\/uploads\/2023\/06\/rezerwacje-hero-1.jpg 2000w, https:\/\/cisowewzgorze.pl\/wp-content\/uploads\/2023\/06\/rezerwacje-hero-1-300x75.jpg 300w, https:\/\/cisowewzgorze.pl\/wp-content\/uploads\/2023\/06\/rezerwacje-hero-1-1024x256.jpg 1024w, https:\/\/cisowewzgorze.pl\/wp-content\/uploads\/2023\/06\/rezerwacje-hero-1-768x192.jpg 768w, https:\/\/cisowewzgorze.pl\/wp-content\/uploads\/2023\/06\/rezerwacje-hero-1-1536x384.jpg 1536w, https:\/\/cisowewzgorze.pl\/wp-content\/uploads\/2023\/06\/rezerwacje-hero-1-100x25.jpg 100w, https:\/\/cisowewzgorze.pl\/wp-content\/uploads\/2023\/06\/rezerwacje-hero-1-160x40.jpg 160w, https:\/\/cisowewzgorze.pl\/wp-content\/uploads\/2023\/06\/rezerwacje-hero-1-600x150.jpg 600w\" sizes=\"auto, (max-width: 2000px) 100vw, 2000px\" \/>\n    <\/div>\n    <div class=\"gHero__contentWrapper container\">\n        <div class=\"gHero__title\"><h1 class=\"h1\">Reservations<\/h1><\/div>\n            <\/div>\n<\/div>\n\n<div style=\"height:80px\" aria-hidden=\"true\" class=\"wp-block-spacer\"><\/div>\n\n<div id=\"rezerwacje\" class=\"wp-block-group container\"><div class=\"wp-block-group__inner-container is-layout-constrained wp-block-group-is-layout-constrained\">\n<h2 class=\"wp-block-heading h2\">Booking a house or apartment <strong>Cisowe Wzg\u00f3rze<\/strong><\/h2>\n\n\n\n<div style=\"height:20px\" aria-hidden=\"true\" class=\"wp-block-spacer\"><\/div>\n\n\n\n<p>The Yew Hill Reservation:  Over 20 years ago, we created the intimate retreat of Cisowe Wzg\u00f3rze, the Yew Hill, in the vicinity of Suwa\u0142ki Landscape Park, nestled among green hills, meadows, forests, and lakes.<\/p>\n\n\n\n<p><strong>The Yew Hill<\/strong> is located at an altitude of approximately 190 meters above sea level, near the forest. We do not have direct neighbors, ensuring a guarantee of peace and tranquility. The nearest shop, post office, and church are approximately 3.5 km away. The area boasts beautiful lakes and forests, idyllic views of horses grazing all summer and storks soaring in the sky. It&#8217;s worth mentioning that these areas are known as Poland&#8217;s green lungs. The region is famous for cheese production, traditional bread baking, and cuisine influenced by Lithuanian traditions.<\/p>\n\n\n\n<p>The Yew Hill offers 18 places to stay in three adjacent buildings with original decor. The interiors of the houses and apartments combine modern comfort with a warm and cozy atmosphere, stylishly furnished. You can choose between two houses and two apartments at the Yew Hill. They are fully equipped and self-contained, without the hustle and bustle of a reception or restaurant. Suwa\u0142ki region is an ideal place for active leisure. By reserving a stay at the Yew Hill, you have numerous possibilities at your fingertips.<\/p>\n\n\n\n<div style=\"height:40px\" aria-hidden=\"true\" class=\"wp-block-spacer\"><\/div>\n\n\n\n<div id=\"widgetHolder_94dcnsv49\"><\/div>\n  <script>\n    (function (w, d, s, o, f, js, fjs) {\n      if (w[o]) return;\n      w['BB-Widget'] = o; w[o] = w[o] || function () { (w[o].q = w[o].q || []).push(arguments) };\n      js = d.createElement(s), fjs = d.getElementsByTagName(s)[0];\n      js.id = o; js.src = f; js.async = 1; fjs.parentNode.insertBefore(js, fjs);\n    }(window, document, 'script', 'w1', 'https:\/\/bed-booking.com\/widget\/widget.js'));\n    w1('init', {targetElementId: 'widgetHolder_94dcnsv49',widgetId: '776d4a111a8c12f23482bf3bcfedf0bb0f212f33', type:'simple', staticWidget: 1})\n  <\/script>\n<\/div><\/div>\n","protected":false},"excerpt":{"rendered":"<p>Booking a house or apartment Cisowe Wzg\u00f3rze The Yew Hill Reservation: Over 20 years ago, we created the intimate retreat of Cisowe Wzg\u00f3rze, the Yew Hill, in the vicinity of Suwa\u0142ki Landscape Park, nestled among green hills, meadows, forests, and lakes. The Yew Hill is located at an altitude of approximately 190 meters above sea [&hellip;]<\/p>\n","protected":false},"author":1,"featured_media":0,"parent":0,"menu_order":0,"comment_status":"closed","ping_status":"closed","template":"","meta":{"_acf_changed":false,"footnotes":""},"class_list":["post-443","page","type-page","status-publish","hentry"],"acf":[],"_links":{"self":[{"href":"https:\/\/cisowewzgorze.pl\/en\/wp-json\/wp\/v2\/pages\/443","targetHints":{"allow":["GET"]}}],"collection":[{"href":"https:\/\/cisowewzgorze.pl\/en\/wp-json\/wp\/v2\/pages"}],"about":[{"href":"https:\/\/cisowewzgorze.pl\/en\/wp-json\/wp\/v2\/types\/page"}],"author":[{"embeddable":true,"href":"https:\/\/cisowewzgorze.pl\/en\/wp-json\/wp\/v2\/users\/1"}],"replies":[{"embeddable":true,"href":"https:\/\/cisowewzgorze.pl\/en\/wp-json\/wp\/v2\/comments?post=443"}],"version-history":[{"count":12,"href":"https:\/\/cisowewzgorze.pl\/en\/wp-json\/wp\/v2\/pages\/443\/revisions"}],"predecessor-version":[{"id":1049,"href":"https:\/\/cisowewzgorze.pl\/en\/wp-json\/wp\/v2\/pages\/443\/revisions\/1049"}],"wp:attachment":[{"href":"https:\/\/cisowewzgorze.pl\/en\/wp-json\/wp\/v2\/media?parent=443"}],"curies":[{"name":"wp","href":"https:\/\/api.w.org\/{rel}","templated":true}]}}